{"id":1092,"date":"2016-11-09T18:47:17","date_gmt":"2016-11-09T23:47:17","guid":{"rendered":"https:\/\/leplanpascon.com\/why-choose-our-company\/"},"modified":"2025-04-09T05:57:38","modified_gmt":"2025-04-09T09:57:38","slug":"why-choose-our-company","status":"publish","type":"page","link":"https:\/\/leplanpascon.com\/en\/","title":{"rendered":"Why choose our company"},"content":{"rendered":"<style>\r\n\r\n#wpsm_counter_b_row_1098 .wpsm_counterbox\r\n{\r\n\ttext-align:center;\r\n\tmargin-top:50px;\r\n\tmargin-bottom:50px;\r\n}\r\n#wpsm_counter_b_row_1098 .wpsm_counterbox .wpsm_count-icon{\r\n\tdisplay:block;\r\n\tmargin-top:20px;\r\n\tpadding-top:0px;\r\n\tpadding-bottom:0px;\r\n\tmargin-bottom:0px;\r\n\tmargin:0 auto;\r\n}\r\n#wpsm_counter_b_row_1098 .wpsm_counterbox .wpsm_count-icon i{\r\n\tfont-size:40px;\r\n\tcolor:#a5d2f0;\r\n}\r\n#wpsm_counter_b_row_1098 .wpsm_counterbox .wpsm_number{\r\n\tfont-size:35px;\r\n\tfont-weight:400;\r\n\tcolor:#f2c020;\r\n\tfont-family:'Open Sans';\r\n\tletter-spacing:2px;\r\n\tmargin-top:20px;\r\n\tline-height: 1.3em;\r\n\tpadding-top:0px;\r\n\tpadding-bottom:0px;\r\n\tmargin-bottom:0px;\r\n}\r\n#wpsm_counter_b_row_1098 .wpsm_counterbox .wpsm_count-title{\r\n    font-size:25px;\r\n\tfont-weight:bolder;\r\n\tfont-family:'Open Sans';\r\n\tletter-spacing:2px;\r\n    color: #a5d2f0;\r\n\tfont-weight:400;\r\n\tmargin-top:20px;\r\n\tpadding-top:0px;\r\n\tpadding-bottom:0px;\r\n\tmargin-bottom:0px;\r\n\tline-height: 1.3em;\r\n}\r\n\r\n<\/style> \r\n\t\t \r\n\t\t\r\n\t\t<style>\r\n\t\t#wpsm_counter_b_row_1098\t\t\t{\r\n\t\t\t\t\r\n\t\t\t\tposition:relative;\r\n\t\t\t\twidth:100%;\r\n\t\t\t\toverflow:hidden;\r\n\t\t\t\ttext-align:center;\r\n\t\t\t}\r\n\t\t\t \r\n\t\t\t#wpsm_counter_b_row_1098 .wpsm_row{\r\n\t\t\toverflow:hidden;\r\n\t\t\tdisplay:block;\r\n\t\t\twidth:100%;\r\n\t\t\t} \r\n\t\t\t \r\n\t\t\t#wpsm_counter_b_row_1098 .wpsm_row{\r\n\t\t\toverflow:visible;\r\n\t\t\t} \r\n\t\t\t \r\n\t\t\t#wpsm_counter_b_row_1098 .wpsm_counterbox .wpsm_count-title{\r\n\t\t\tmin-height:56px;\r\n\t\t\t}}\r\n\t\t\t \r\n\t\t<\/style>\r\n\t\t\r\n\t\t<div class=\"wpsm_counter_b_row\" id=\"wpsm_counter_b_row_1098\">\r\n\t\t\t<div>\r\n\t\t\t\t<div class=\"wpsm_row\">\r\n\t\t\r\n\t\t\t\t\t\t<div class=\"wpsm_col-md-4 wpsm_col-sm-6\">\r\n\t\t\t\t\t<div class=\"wpsm_counterbox\">\r\n\t\t\t\t\t\t \r\n\t\t\t\t\t\t<div class=\"wpsm_count-icon\"><i #a5d2f0 class=\"fa fa-group\"><\/i><\/div>\r\n\t\t\t\t\t\t\t\t\t\t\t\t<div class=\"wpsm_number\" style=\"#f2c020\" >\r\n\t\t\t\t\t\t   <span class=\"counter\">12000\t\t\t\t\t\t   <\/span>\r\n\t\t\t\t\t\t    \r\n\t\t\t\t\t    <\/div>\r\n\t\t\t\t\t\t<h3 class=\"wpsm_count-title\" #a5d2f0> customers<\/h3>\r\n\t\t\t\t\t\t \r\n\t\t\t\t\t<\/div>\r\n\t\t\t\t<\/div>\r\n\t\t\t\t\t\t\t\t\t<div class=\"wpsm_col-md-4 wpsm_col-sm-6\">\r\n\t\t\t\t\t<div class=\"wpsm_counterbox\">\r\n\t\t\t\t\t\t \r\n\t\t\t\t\t\t<div class=\"wpsm_count-icon\"><i #a5d2f0 class=\"fa fa-birthday-cake\"><\/i><\/div>\r\n\t\t\t\t\t\t\t\t\t\t\t\t<div class=\"wpsm_number\" style=\"#f2c020\" >\r\n\t\t\t\t\t\t   <span class=\"counter\">28\t\t\t\t\t\t   <\/span>\r\n\t\t\t\t\t\t    \r\n\t\t\t\t\t    <\/div>\r\n\t\t\t\t\t\t<h3 class=\"wpsm_count-title\" #a5d2f0> years of experience<\/h3>\r\n\t\t\t\t\t\t \r\n\t\t\t\t\t<\/div>\r\n\t\t\t\t<\/div>\r\n\t\t\t\t\t\t\t\t\t<div class=\"wpsm_col-md-4 wpsm_col-sm-6\">\r\n\t\t\t\t\t<div class=\"wpsm_counterbox\">\r\n\t\t\t\t\t\t \r\n\t\t\t\t\t\t<div class=\"wpsm_count-icon\"><i #a5d2f0 class=\"fa fa-commenting-o\"><\/i><\/div>\r\n\t\t\t\t\t\t\t\t\t\t\t\t<div class=\"wpsm_number\" style=\"#f2c020\" >\r\n\t\t\t\t\t\t   <span class=\"counter\">957\t\t\t\t\t\t   <\/span>\r\n\t\t\t\t\t\t    \r\n\t\t\t\t\t    <\/div>\r\n\t\t\t\t\t\t<h3 class=\"wpsm_count-title\" #a5d2f0> 5* reviews<\/h3>\r\n\t\t\t\t\t\t \r\n\t\t\t\t\t<\/div>\r\n\t\t\t\t<\/div>\r\n\t\t\t\t\t\t<\/div>\r\n\t\t\t<div class=\"wpsm_row\">\r\n\t\t\t\t\t\t\r\n\t\t\t<\/div>\t\t\t\t<\/div>\r\n\t\t<\/div>\r\n\t\t\r\n\t\n<p style=\"text-align: right;\"><a href=\"https:\/\/www.leplanpascon.com\/references\/\"><a href=\"https:\/\/www.leplanpascon.com\/references\/\">924 Google Reviews<\/a> <img loading=\"lazy\" decoding=\"async\" class=\"alignnone wp-image-767\" src=\"https:\/\/www.leplanpascon.com\/wp-content\/uploads\/2023\/05\/avis-300x90.jpg\" alt=\"Google review of Montreal moving company\" width=\"124\" height=\"37\" srcset=\"https:\/\/leplanpascon.com\/wp-content\/uploads\/2023\/05\/avis-300x90.jpg 300w, https:\/\/leplanpascon.com\/wp-content\/uploads\/2023\/05\/avis.jpg 410w\" sizes=\"auto, (max-width: 124px) 100vw, 124px\" \/><\/a><\/p>\n<div class=\"two-thirds first\">\n<div class=\"bleu\">\n<p>Moving is an important moment, both exciting and stressful: risk of breakage, theft or loss of your belongings. Experienced and dynamic, our moving company in Montreal and the surrounding provinces is at your side to make this moment a positive and successful experience.<\/p>\n<\/div>\n<h2>You are planning a move, trust us!<\/h2>\n<ul>\n<li>Over 25 years of experience in moving, transportation and delivery<\/li>\n<li>A competent and professional team<\/li>\n<li>Personalized and fast services<\/li>\n<li>Impeccable quality<\/li>\n<li>Punctuality and friendliness<\/li>\n<li>Very competitive prices<\/li>\n<li>Trucks disinfected daily for impeccable hygiene<\/li>\n<\/ul>\n<p><!--div class=\"bleu\">[twf_last_post]<\/div-->\n<h2>Moving Montreal, who are we?<\/h2>\n<p>The moving company Le Plan Pas Con was created in 1995 in Montreal. Made up of a competent and motivated team, we offer you <strong>quality services in the field of moving, general transport and delivery<\/strong>.<\/p>\n<div class=\"bleu\">Whether you live in Montreal, Quebec or a neighboring province, call us for a <a href=\"https:\/\/leplanpascon.com\/en\/free-estimate\/\">free moving quote<\/a>. We will give you quality at the best price!<\/div>\n<h3>A professional team at your service<\/h3>\n<p>Our priority is customer satisfaction. We know that moving is often a source of stress and anxiety. To make this moment go as smoothly as possible, our team remains attentive to your needs with a very human approach.<\/p>\n<p>We have therefore invested a lot in the quality of our staff: politeness, punctuality and respect for customers are essential assets of our teams.<\/p>\n<p>Transporting belongings cannot be improvised, it is a real profession which requires precise techniques which must be mastered. This is why we consider our movers to be \u201c<strong>Moving Technicians<\/strong>\u201d. Our staff is experienced and physically fit to ensure the entire move is carried out safely.<\/p>\n<h3>Residential and commercial moving<\/h3>\n<p>We can take care of all types of moving, residential or commercial. We operate in the Montreal region and its surroundings, South Shore and North Shore. The move can be done during the day or over several days depending on your needs. We also provide long-distance moves more than 50 km from Montreal.<\/p>\n<p>We can guide you with the administrative procedures relating to the public domain occupation permit. This is a city permit for moving truck parking in certain neighborhoods.<\/p>\n<p>Of course, we provide all the necessary materials such as protective covers, plastic films, mats, etc.<\/p>\n<p>You can ask us for a <strong>turnkey move<\/strong>, we take care of everything. For professionals, we also offer the dismantling and reassembly of offices and furniture.<\/p>\n<h3>How to contact the company?<\/h3>\n<p>You can find us at 6321 de St-Vallier in Montreal Qc. We work 7\/7 from 8 a.m. to 8 p.m. and Sundays until 6 p.m. Call us at <a href=\"tel:5142702979\">514-270-2979<\/a> or write us an email at the following address <a href=\"mailto:ariel@leplanpascon.com\">ariel@leplanpascon.com<\/a>.<\/p>\n<p>You can request a free quote online by filling out our form. It&#8217;s quick and easy. Do not hesitate to visit our site. You will discover the comments of our individual customers and the list of our professional customers.<\/p>\n<p>Our blog will keep you up to date with the latest news and give you lots of practical advice on our services adapted to the Covid-19 situation, recycling, tipping, how to <strong>choose the right moving truck<\/strong>, the right warehouse addresses and surfaces.<\/p>\n<p>Le Plan Pas Con in Montreal is the mover you need, do not hesitate to contact us&#8230;<\/p>\n<hr>\n<\/div>\n<div class=\"one-third\"><img loading=\"lazy\" decoding=\"async\" class=\"aligncenter wp-image-507 size-thumbnail\" src=\"https:\/\/www.leplanpascon.com\/wp-content\/uploads\/2020\/09\/arriere-camion-demenagement-300x300.jpg\" alt=\"Planpascon moving truck\" width=\"300\" height=\"300\"><br \/>\n<img loading=\"lazy\" decoding=\"async\" class=\"aligncenter wp-image-508 size-thumbnail\" src=\"https:\/\/www.leplanpascon.com\/wp-content\/uploads\/2020\/09\/camions-demenagement-300x300.jpg\" alt=\"moving trucks ready to move\" width=\"300\" height=\"300\"><br \/>\n<img loading=\"lazy\" decoding=\"async\" class=\"aligncenter wp-image-509 size-thumbnail\" src=\"https:\/\/www.leplanpascon.com\/wp-content\/uploads\/2020\/09\/demenageur-au-travail-300x300.jpg\" alt=\"Open moving truck\" width=\"300\" height=\"300\"><br \/>\n<img loading=\"lazy\" decoding=\"async\" class=\"aligncenter wp-image-510 size-thumbnail\" src=\"https:\/\/www.leplanpascon.com\/wp-content\/uploads\/2020\/09\/de%CC%81me%CC%81nageur-masque%CC%81-300x300.jpg\" alt=\"moving during covid-19\" width=\"300\" height=\"300\"><\/p>\n<div class=\"clearfix\"><\/div>\n<div class=\"bleu\">\n<p style=\"text-align: center;\">In Quebec and neighboring provinces, we provide <strong>inexpensive transportation and moving services<\/strong> adapted to your needs.<\/p>\n<\/div>\n<p style=\"text-align: center;\">I am moving today and I want a<br \/>\n<a class=\"button\" href=\"https:\/\/leplanpascon.com\/en\/free-estimate\/\">free quote<\/a><\/a><\/p>\n<\/div>\n","protected":false},"excerpt":{"rendered":"<p>924 Google Reviews Moving is an important moment, both exciting and stressful: risk of breakage, theft or loss of your belongings. Experienced and dynamic, our moving company in Montreal and the surrounding provinces is at your side to make this moment a positive and successful experience. You are planning a move, trust us! Over 25 &#8230; <a title=\"Customers\" href=\"https:\/\/leplanpascon.com\/en\/?p=1098\">lire la suite<\/a><\/p>\n","protected":false},"author":5,"featured_media":0,"parent":0,"menu_order":0,"comment_status":"closed","ping_status":"open","template":"","meta":{"_genesis_hide_title":false,"_genesis_hide_breadcrumbs":false,"_genesis_hide_singular_image":false,"_genesis_hide_footer_widgets":false,"_genesis_custom_body_class":"","_genesis_custom_post_class":"","_genesis_layout":"","footnotes":""},"class_list":{"0":"post-1092","1":"page","2":"type-page","3":"status-publish","5":"entry"},"yoast_head":"<!-- This site is optimized with the Yoast SEO plugin v27.5 - https:\/\/yoast.com\/product\/yoast-seo-wordpress\/ -->\n<title>Moving Montreal, tailor-made transport and delivery<\/title>\n<meta name=\"description\" content=\"Move to Montreal with complete peace of mind with moving experts. We offer professional movers. Free quote!\" \/>\n<meta name=\"robots\" content=\"index, follow, max-snippet:-1, max-image-preview:large, max-video-preview:-1\" \/>\n<link rel=\"canonical\" href=\"https:\/\/leplanpascon.com\/en\/\" \/>\n<meta property=\"og:locale\" content=\"en_US\" \/>\n<meta property=\"og:type\" content=\"article\" \/>\n<meta property=\"og:title\" content=\"Moving Montreal, tailor-made transport and delivery\" \/>\n<meta property=\"og:description\" content=\"Move to Montreal with complete peace of mind with moving experts. We offer professional movers. Free quote!\" \/>\n<meta property=\"og:url\" content=\"https:\/\/leplanpascon.com\/en\/\" \/>\n<meta property=\"og:site_name\" content=\"D\u00e9m\u00e9nagement Montr\u00e9al depuis plus de 28 ans dans le d\u00e9m\u00e9nagement\" \/>\n<meta property=\"article:publisher\" content=\"https:\/\/fr-ca.facebook.com\/leplanpascon\/\" \/>\n<meta property=\"article:modified_time\" content=\"2025-04-09T09:57:38+00:00\" \/>\n<meta property=\"og:image\" content=\"https:\/\/leplanpascon.com\/wp-content\/uploads\/2023\/05\/avis.jpg\" \/>\n\t<meta property=\"og:image:width\" content=\"410\" \/>\n\t<meta property=\"og:image:height\" content=\"123\" \/>\n\t<meta property=\"og:image:type\" content=\"image\/jpeg\" \/>\n<meta name=\"twitter:card\" content=\"summary_large_image\" \/>\n<meta name=\"twitter:site\" content=\"@LePlanPasCon\" \/>\n<meta name=\"twitter:label1\" content=\"Est. reading time\" \/>\n\t<meta name=\"twitter:data1\" content=\"4 minutes\" \/>\n<script type=\"application\/ld+json\" class=\"yoast-schema-graph\">{\"@context\":\"https:\\\/\\\/schema.org\",\"@graph\":[{\"@type\":\"WebPage\",\"@id\":\"https:\\\/\\\/leplanpascon.com\\\/en\\\/\",\"url\":\"https:\\\/\\\/leplanpascon.com\\\/en\\\/\",\"name\":\"Moving Montreal, tailor-made transport and delivery\",\"isPartOf\":{\"@id\":\"https:\\\/\\\/leplanpascon.com\\\/en\\\/#website\"},\"primaryImageOfPage\":{\"@id\":\"https:\\\/\\\/leplanpascon.com\\\/en\\\/#primaryimage\"},\"image\":{\"@id\":\"https:\\\/\\\/leplanpascon.com\\\/en\\\/#primaryimage\"},\"thumbnailUrl\":\"https:\\\/\\\/www.leplanpascon.com\\\/wp-content\\\/uploads\\\/2023\\\/05\\\/avis-300x90.jpg\",\"datePublished\":\"2016-11-09T23:47:17+00:00\",\"dateModified\":\"2025-04-09T09:57:38+00:00\",\"description\":\"Move to Montreal with complete peace of mind with moving experts. We offer professional movers. Free quote!\",\"breadcrumb\":{\"@id\":\"https:\\\/\\\/leplanpascon.com\\\/en\\\/#breadcrumb\"},\"inLanguage\":\"en-US\",\"potentialAction\":[{\"@type\":\"ReadAction\",\"target\":[\"https:\\\/\\\/leplanpascon.com\\\/en\\\/\"]}]},{\"@type\":\"ImageObject\",\"inLanguage\":\"en-US\",\"@id\":\"https:\\\/\\\/leplanpascon.com\\\/en\\\/#primaryimage\",\"url\":\"https:\\\/\\\/www.leplanpascon.com\\\/wp-content\\\/uploads\\\/2023\\\/05\\\/avis-300x90.jpg\",\"contentUrl\":\"https:\\\/\\\/www.leplanpascon.com\\\/wp-content\\\/uploads\\\/2023\\\/05\\\/avis-300x90.jpg\"},{\"@type\":\"BreadcrumbList\",\"@id\":\"https:\\\/\\\/leplanpascon.com\\\/en\\\/#breadcrumb\",\"itemListElement\":[{\"@type\":\"ListItem\",\"position\":1,\"name\":\"Accueil\",\"item\":\"https:\\\/\\\/leplanpascon.com\\\/en\\\/\"},{\"@type\":\"ListItem\",\"position\":2,\"name\":\"Why choose our company\"}]},{\"@type\":\"WebSite\",\"@id\":\"https:\\\/\\\/leplanpascon.com\\\/en\\\/#website\",\"url\":\"https:\\\/\\\/leplanpascon.com\\\/en\\\/\",\"name\":\"D\u00e9m\u00e9nagement Montr\u00e9al depuis plus de 28 ans dans le d\u00e9m\u00e9nagement\",\"description\":\"Le plan pas con, d\u00e9m\u00e9nagez de la bonne fa\u00e7on! D\u00e9m\u00e9nagements et livraisons \u00e0 Montreal et au Quebec. Les experts du d\u00e9m\u00e9nagement pas cher \u00e0 Montr\u00e9al!\",\"publisher\":{\"@id\":\"https:\\\/\\\/leplanpascon.com\\\/en\\\/#organization\"},\"potentialAction\":[{\"@type\":\"SearchAction\",\"target\":{\"@type\":\"EntryPoint\",\"urlTemplate\":\"https:\\\/\\\/leplanpascon.com\\\/en\\\/?s={search_term_string}\"},\"query-input\":{\"@type\":\"PropertyValueSpecification\",\"valueRequired\":true,\"valueName\":\"search_term_string\"}}],\"inLanguage\":\"en-US\"},{\"@type\":\"Organization\",\"@id\":\"https:\\\/\\\/leplanpascon.com\\\/en\\\/#organization\",\"name\":\"D\u00e9m\u00e9nagement Montr\u00e9al depuis plus de 28 ans dans le d\u00e9m\u00e9nagement\",\"url\":\"https:\\\/\\\/leplanpascon.com\\\/en\\\/\",\"logo\":{\"@type\":\"ImageObject\",\"inLanguage\":\"en-US\",\"@id\":\"https:\\\/\\\/leplanpascon.com\\\/en\\\/#\\\/schema\\\/logo\\\/image\\\/\",\"url\":\"https:\\\/\\\/www.leplanpascon.com\\\/wp-content\\\/uploads\\\/2021\\\/06\\\/logo-leplanpascon.jpg\",\"contentUrl\":\"https:\\\/\\\/www.leplanpascon.com\\\/wp-content\\\/uploads\\\/2021\\\/06\\\/logo-leplanpascon.jpg\",\"width\":130,\"height\":129,\"caption\":\"D\u00e9m\u00e9nagement Montr\u00e9al depuis plus de 28 ans dans le d\u00e9m\u00e9nagement\"},\"image\":{\"@id\":\"https:\\\/\\\/leplanpascon.com\\\/en\\\/#\\\/schema\\\/logo\\\/image\\\/\"},\"sameAs\":[\"https:\\\/\\\/fr-ca.facebook.com\\\/leplanpascon\\\/\",\"https:\\\/\\\/x.com\\\/LePlanPasCon\",\"https:\\\/\\\/www.linkedin.com\\\/in\\\/le-plan-pas-con-ph-gredin-b210ba16\\\/\",\"https:\\\/\\\/www.instagram.com\\\/leplanpascon_demenagement\\\/\"]}]}<\/script>\n<!-- \/ Yoast SEO plugin. -->","yoast_head_json":{"title":"Moving Montreal, tailor-made transport and delivery","description":"Move to Montreal with complete peace of mind with moving experts. We offer professional movers. Free quote!","robots":{"index":"index","follow":"follow","max-snippet":"max-snippet:-1","max-image-preview":"max-image-preview:large","max-video-preview":"max-video-preview:-1"},"canonical":"https:\/\/leplanpascon.com\/en\/","og_locale":"en_US","og_type":"article","og_title":"Moving Montreal, tailor-made transport and delivery","og_description":"Move to Montreal with complete peace of mind with moving experts. We offer professional movers. Free quote!","og_url":"https:\/\/leplanpascon.com\/en\/","og_site_name":"D\u00e9m\u00e9nagement Montr\u00e9al depuis plus de 28 ans dans le d\u00e9m\u00e9nagement","article_publisher":"https:\/\/fr-ca.facebook.com\/leplanpascon\/","article_modified_time":"2025-04-09T09:57:38+00:00","og_image":[{"width":410,"height":123,"url":"https:\/\/leplanpascon.com\/wp-content\/uploads\/2023\/05\/avis.jpg","type":"image\/jpeg"}],"twitter_card":"summary_large_image","twitter_site":"@LePlanPasCon","twitter_misc":{"Est. reading time":"4 minutes"},"schema":{"@context":"https:\/\/schema.org","@graph":[{"@type":"WebPage","@id":"https:\/\/leplanpascon.com\/en\/","url":"https:\/\/leplanpascon.com\/en\/","name":"Moving Montreal, tailor-made transport and delivery","isPartOf":{"@id":"https:\/\/leplanpascon.com\/en\/#website"},"primaryImageOfPage":{"@id":"https:\/\/leplanpascon.com\/en\/#primaryimage"},"image":{"@id":"https:\/\/leplanpascon.com\/en\/#primaryimage"},"thumbnailUrl":"https:\/\/www.leplanpascon.com\/wp-content\/uploads\/2023\/05\/avis-300x90.jpg","datePublished":"2016-11-09T23:47:17+00:00","dateModified":"2025-04-09T09:57:38+00:00","description":"Move to Montreal with complete peace of mind with moving experts. We offer professional movers. Free quote!","breadcrumb":{"@id":"https:\/\/leplanpascon.com\/en\/#breadcrumb"},"inLanguage":"en-US","potentialAction":[{"@type":"ReadAction","target":["https:\/\/leplanpascon.com\/en\/"]}]},{"@type":"ImageObject","inLanguage":"en-US","@id":"https:\/\/leplanpascon.com\/en\/#primaryimage","url":"https:\/\/www.leplanpascon.com\/wp-content\/uploads\/2023\/05\/avis-300x90.jpg","contentUrl":"https:\/\/www.leplanpascon.com\/wp-content\/uploads\/2023\/05\/avis-300x90.jpg"},{"@type":"BreadcrumbList","@id":"https:\/\/leplanpascon.com\/en\/#breadcrumb","itemListElement":[{"@type":"ListItem","position":1,"name":"Accueil","item":"https:\/\/leplanpascon.com\/en\/"},{"@type":"ListItem","position":2,"name":"Why choose our company"}]},{"@type":"WebSite","@id":"https:\/\/leplanpascon.com\/en\/#website","url":"https:\/\/leplanpascon.com\/en\/","name":"D\u00e9m\u00e9nagement Montr\u00e9al depuis plus de 28 ans dans le d\u00e9m\u00e9nagement","description":"Le plan pas con, d\u00e9m\u00e9nagez de la bonne fa\u00e7on! D\u00e9m\u00e9nagements et livraisons \u00e0 Montreal et au Quebec. Les experts du d\u00e9m\u00e9nagement pas cher \u00e0 Montr\u00e9al!","publisher":{"@id":"https:\/\/leplanpascon.com\/en\/#organization"},"potentialAction":[{"@type":"SearchAction","target":{"@type":"EntryPoint","urlTemplate":"https:\/\/leplanpascon.com\/en\/?s={search_term_string}"},"query-input":{"@type":"PropertyValueSpecification","valueRequired":true,"valueName":"search_term_string"}}],"inLanguage":"en-US"},{"@type":"Organization","@id":"https:\/\/leplanpascon.com\/en\/#organization","name":"D\u00e9m\u00e9nagement Montr\u00e9al depuis plus de 28 ans dans le d\u00e9m\u00e9nagement","url":"https:\/\/leplanpascon.com\/en\/","logo":{"@type":"ImageObject","inLanguage":"en-US","@id":"https:\/\/leplanpascon.com\/en\/#\/schema\/logo\/image\/","url":"https:\/\/www.leplanpascon.com\/wp-content\/uploads\/2021\/06\/logo-leplanpascon.jpg","contentUrl":"https:\/\/www.leplanpascon.com\/wp-content\/uploads\/2021\/06\/logo-leplanpascon.jpg","width":130,"height":129,"caption":"D\u00e9m\u00e9nagement Montr\u00e9al depuis plus de 28 ans dans le d\u00e9m\u00e9nagement"},"image":{"@id":"https:\/\/leplanpascon.com\/en\/#\/schema\/logo\/image\/"},"sameAs":["https:\/\/fr-ca.facebook.com\/leplanpascon\/","https:\/\/x.com\/LePlanPasCon","https:\/\/www.linkedin.com\/in\/le-plan-pas-con-ph-gredin-b210ba16\/","https:\/\/www.instagram.com\/leplanpascon_demenagement\/"]}]}},"amp_enabled":false,"_links":{"self":[{"href":"https:\/\/leplanpascon.com\/en\/wp-json\/wp\/v2\/pages\/1092","targetHints":{"allow":["GET"]}}],"collection":[{"href":"https:\/\/leplanpascon.com\/en\/wp-json\/wp\/v2\/pages"}],"about":[{"href":"https:\/\/leplanpascon.com\/en\/wp-json\/wp\/v2\/types\/page"}],"author":[{"embeddable":true,"href":"https:\/\/leplanpascon.com\/en\/wp-json\/wp\/v2\/users\/5"}],"replies":[{"embeddable":true,"href":"https:\/\/leplanpascon.com\/en\/wp-json\/wp\/v2\/comments?post=1092"}],"version-history":[{"count":5,"href":"https:\/\/leplanpascon.com\/en\/wp-json\/wp\/v2\/pages\/1092\/revisions"}],"predecessor-version":[{"id":1188,"href":"https:\/\/leplanpascon.com\/en\/wp-json\/wp\/v2\/pages\/1092\/revisions\/1188"}],"wp:attachment":[{"href":"https:\/\/leplanpascon.com\/en\/wp-json\/wp\/v2\/media?parent=1092"}],"curies":[{"name":"wp","href":"https:\/\/api.w.org\/{rel}","templated":true}]}}