{"id":1059,"date":"2016-11-09T18:57:44","date_gmt":"2016-11-09T23:57:44","guid":{"rendered":"https:\/\/leplanpascon.com\/dont-you-have-a-plan-pas-con-to-move-to-montreal\/"},"modified":"2024-06-25T02:11:14","modified_gmt":"2024-06-25T06:11:14","slug":"contact","status":"publish","type":"page","link":"https:\/\/leplanpascon.com\/en\/contact\/","title":{"rendered":"Don&#8217;t you have a &#8220;plan pas con&#8221; to move to Montreal?"},"content":{"rendered":"<div class=\"one-half first\"><img loading=\"lazy\" decoding=\"async\" class=\"alignleft size-full wp-image-109\" src=\"\/wp-content\/uploads\/2016\/11\/contact.jpg\" alt=\"contact\" width=\"140\" height=\"231\"><br \/>\n<strong>Contact Ariel:<br \/>\n<\/strong><strong>E-Mail:<\/strong> <a href=\"mailto:ariel@leplanpascon.com\">ariel@leplanpascon.com<br \/>\n<\/a><strong>Tel:<\/strong> <a href=\"tel:5142702979\">514-270-2979<br \/>\n<\/a><strong>Adress:<\/strong> 6321 st-Vallier, Montr\u00e9al, Qc. H2S 2P6<br \/>\n<br \/>\n<a style=\"margin-right: 10px;\" href=\"https:\/\/www.facebook.com\/pages\/LE-PLAN-PAS-CON\/72948144865\" target=\"_blank\" rel=\"noopener\"><img decoding=\"async\" src=\"https:\/\/www.leplanpascon.com\/wp-content\/uploads\/2016\/11\/fb.gif\" alt=\"Follow us on FaceBook\"><\/a><a style=\"margin-right: 10px;\" href=\"https:\/\/www.linkedin.com\/in\/le-plan-pas-con-ph-gredin-b210ba16\/\" target=\"_blank\" rel=\"noopener\"><img decoding=\"async\" src=\"https:\/\/www.leplanpascon.com\/wp-content\/uploads\/2017\/09\/linkedin.png\" alt=\"Follow us on Linked In\"><\/a><a style=\"margin-right: 10px;\" href=\"https:\/\/twitter.com\/LePlanPasCon\" target=\"_blank\" rel=\"noopener\"><img decoding=\"async\" src=\"https:\/\/www.leplanpascon.com\/wp-content\/uploads\/2016\/11\/twitter.png\" alt=\"Follow us on Twitter\"><\/a><a style=\"margin-right: 10px;\" href=\"https:\/\/www.instagram.com\/leplanpascon_demenagement\/\" target=\"_blank\" rel=\"noopener\"><img decoding=\"async\" src=\"https:\/\/www.leplanpascon.com\/wp-content\/uploads\/2016\/11\/instagram.png\" alt=\"Follow us on Instagram\"><\/a><br \/>\n<iframe loading=\"lazy\" style=\"border: 0px currentColor;\" src=\"https:\/\/www.google.com\/maps\/embed?pb=!1m18!1m12!1m3!1d2794.8013480217264!2d-73.60486368444019!3d45.53420297910182!2m3!1f0!2f0!3f0!3m2!1i1024!2i768!4f13.1!3m3!1m2!1s0x4cc9196f3eb1c149%3A0xe878dfe1cb2de283!2s6321+Rue+de+Saint+Vallier%2C+Montr%C3%A9al%2C+QC+H2S+2P6%2C+Canada!5e0!3m2!1sfr!2sfr!4v1478768696046\" width=\"100%\" height=\"400\" frameborder=\"0\" allowfullscreen=\"allowfullscreen\"><\/iframe><br \/>\n<a href=\"http:\/\/www.ctq.gouv.qc.ca\/\" target=\"_blank\" rel=\"noopener\"><img decoding=\"async\" src=\"\/wp-content\/uploads\/2016\/11\/Commission-transport.jpg\" alt=\"Commission des transports du Qu\u00e9bec\"><\/a><br \/>\nN.I.R. : R-5544805<br \/>\nN.E.Q. : 2243932722\n<\/div>\n<div class=\"one-half\">\n<p>For any price request, please complete the <a href=\"https:\/\/leplanpascon.com\/en\/free-estimate\/\">price request form<\/a>. If you just have a quick question, use the form below. Thank you.<br \/>\n\n<div class=\"wpcf7 no-js\" id=\"wpcf7-f1064-o1\" lang=\"en-US\" dir=\"ltr\" data-wpcf7-id=\"1064\">\n<div class=\"screen-reader-response\"><p role=\"status\" aria-live=\"polite\" aria-atomic=\"true\"><\/p> <ul><\/ul><\/div>\n<form action=\"\/en\/wp-json\/wp\/v2\/pages\/1059#wpcf7-f1064-o1\" method=\"post\" class=\"wpcf7-form init\" aria-label=\"Contact form\" novalidate=\"novalidate\" data-status=\"init\">\n<fieldset class=\"hidden-fields-container\"><input type=\"hidden\" name=\"_wpcf7\" value=\"1064\" \/><input type=\"hidden\" name=\"_wpcf7_version\" value=\"6.1.5\" \/><input type=\"hidden\" name=\"_wpcf7_locale\" value=\"en_US\" \/><input type=\"hidden\" name=\"_wpcf7_unit_tag\" value=\"wpcf7-f1064-o1\" \/><input type=\"hidden\" name=\"_wpcf7_container_post\" value=\"0\" \/><input type=\"hidden\" name=\"_wpcf7_posted_data_hash\" value=\"\" \/>\n<\/fieldset>\n<p><label> Your name (required)<br \/>\n<span class=\"wpcf7-form-control-wrap\" data-name=\"your-name\"><input size=\"40\" maxlength=\"400\" class=\"wpcf7-form-control wpcf7-text wpcf7-validates-as-required\" aria-required=\"true\" aria-invalid=\"false\" value=\"\" type=\"text\" name=\"your-name\" \/><\/span> <\/label>\n<\/p>\n<p><label> Your e-mail (required)<br \/>\n<span class=\"wpcf7-form-control-wrap\" data-name=\"your-email\"><input size=\"40\" maxlength=\"400\" class=\"wpcf7-form-control wpcf7-email wpcf7-validates-as-required wpcf7-text wpcf7-validates-as-email\" aria-required=\"true\" aria-invalid=\"false\" value=\"\" type=\"email\" name=\"your-email\" \/><\/span> <\/label>\n<\/p>\n<p><label> Subject<br \/>\n<span class=\"wpcf7-form-control-wrap\" data-name=\"your-subject\"><input size=\"40\" maxlength=\"400\" class=\"wpcf7-form-control wpcf7-text\" aria-invalid=\"false\" value=\"\" type=\"text\" name=\"your-subject\" \/><\/span> <\/label>\n<\/p>\n<p><label> Your message<br \/>\n<span class=\"wpcf7-form-control-wrap\" data-name=\"your-message\"><textarea cols=\"40\" rows=\"10\" maxlength=\"2000\" class=\"wpcf7-form-control wpcf7-textarea wpcf7-validates-as-required\" aria-required=\"true\" aria-invalid=\"false\" name=\"your-message\"><\/textarea><\/span> <\/label>\n<\/p>\n<p><input class=\"wpcf7-form-control wpcf7-submit has-spinner\" type=\"submit\" value=\"Send\" \/>\n<\/p><p style=\"display: none !important;\" class=\"akismet-fields-container\" data-prefix=\"_wpcf7_ak_\"><label>&#916;<textarea name=\"_wpcf7_ak_hp_textarea\" cols=\"45\" rows=\"8\" maxlength=\"100\"><\/textarea><\/label><input type=\"hidden\" id=\"ak_js_1\" name=\"_wpcf7_ak_js\" value=\"27\"\/><script type=\"text\/javascript\">\n\/* <![CDATA[ *\/\ndocument.getElementById( \"ak_js_1\" ).setAttribute( \"value\", ( new Date() ).getTime() );\n\/* ]]> *\/\n<\/script>\n<\/p><div class=\"wpcf7-response-output\" aria-hidden=\"true\"><\/div>\n<\/form>\n<\/div>\n<br \/>\nA little patience after pressing send&#8230; \ud83d\ude09\n<\/div>\n","protected":false},"excerpt":{"rendered":"<p>Contact Ariel: E-Mail: ariel@leplanpascon.com Tel: 514-270-2979 Adress: 6321 st-Vallier, Montr\u00e9al, Qc. H2S 2P6 N.I.R. : R-5544805 N.E.Q. : 2243932722 For any price request, please complete the price request form. If you just have a quick question, use the form below. Thank you. A little patience after pressing send&#8230; \ud83d\ude09<\/p>\n","protected":false},"author":5,"featured_media":0,"parent":0,"menu_order":0,"comment_status":"closed","ping_status":"closed","template":"","meta":{"_genesis_hide_title":false,"_genesis_hide_breadcrumbs":false,"_genesis_hide_singular_image":false,"_genesis_hide_footer_widgets":false,"_genesis_custom_body_class":"","_genesis_custom_post_class":"","_genesis_layout":"","footnotes":""},"class_list":{"0":"post-1059","1":"page","2":"type-page","3":"status-publish","5":"entry"},"yoast_head":"<!-- This site is optimized with the Yoast SEO plugin v27.5 - https:\/\/yoast.com\/product\/yoast-seo-wordpress\/ -->\n<title>Contact us for a move to Montreal!<\/title>\n<meta name=\"description\" content=\"Don&#039;t you have a &quot;plan pas con&quot; to move to Montreal? Call Philippe at 514.270.2979\" \/>\n<meta name=\"robots\" content=\"index, follow, max-snippet:-1, max-image-preview:large, max-video-preview:-1\" \/>\n<link rel=\"canonical\" href=\"https:\/\/leplanpascon.com\/en\/contact\/\" \/>\n<meta property=\"og:locale\" content=\"en_US\" \/>\n<meta property=\"og:type\" content=\"article\" \/>\n<meta property=\"og:title\" content=\"Contact us for a move to Montreal!\" \/>\n<meta property=\"og:description\" content=\"Don&#039;t you have a &quot;plan pas con&quot; to move to Montreal? Call Philippe at 514.270.2979\" \/>\n<meta property=\"og:url\" content=\"https:\/\/leplanpascon.com\/en\/contact\/\" \/>\n<meta property=\"og:site_name\" content=\"D\u00e9m\u00e9nagement Montr\u00e9al depuis plus de 28 ans dans le d\u00e9m\u00e9nagement\" \/>\n<meta property=\"article:publisher\" content=\"https:\/\/fr-ca.facebook.com\/leplanpascon\/\" \/>\n<meta property=\"article:modified_time\" content=\"2024-06-25T06:11:14+00:00\" \/>\n<meta property=\"og:image\" content=\"https:\/\/www.leplanpascon.com\/wp-content\/uploads\/2016\/11\/fb.gif\" \/>\n<meta name=\"twitter:card\" content=\"summary_large_image\" \/>\n<meta name=\"twitter:site\" content=\"@LePlanPasCon\" \/>\n<meta name=\"twitter:label1\" content=\"Est. reading time\" \/>\n\t<meta name=\"twitter:data1\" content=\"2 minutes\" \/>\n<script type=\"application\/ld+json\" class=\"yoast-schema-graph\">{\"@context\":\"https:\\\/\\\/schema.org\",\"@graph\":[{\"@type\":\"WebPage\",\"@id\":\"https:\\\/\\\/leplanpascon.com\\\/en\\\/contact\\\/\",\"url\":\"https:\\\/\\\/leplanpascon.com\\\/en\\\/contact\\\/\",\"name\":\"Contact us for a move to Montreal!\",\"isPartOf\":{\"@id\":\"https:\\\/\\\/leplanpascon.com\\\/en\\\/#website\"},\"primaryImageOfPage\":{\"@id\":\"https:\\\/\\\/leplanpascon.com\\\/en\\\/contact\\\/#primaryimage\"},\"image\":{\"@id\":\"https:\\\/\\\/leplanpascon.com\\\/en\\\/contact\\\/#primaryimage\"},\"thumbnailUrl\":\"https:\\\/\\\/www.leplanpascon.com\\\/wp-content\\\/uploads\\\/2016\\\/11\\\/fb.gif\",\"datePublished\":\"2016-11-09T23:57:44+00:00\",\"dateModified\":\"2024-06-25T06:11:14+00:00\",\"description\":\"Don't you have a \\\"plan pas con\\\" to move to Montreal? Call Philippe at 514.270.2979\",\"breadcrumb\":{\"@id\":\"https:\\\/\\\/leplanpascon.com\\\/en\\\/contact\\\/#breadcrumb\"},\"inLanguage\":\"en-US\",\"potentialAction\":[{\"@type\":\"ReadAction\",\"target\":[\"https:\\\/\\\/leplanpascon.com\\\/en\\\/contact\\\/\"]}]},{\"@type\":\"ImageObject\",\"inLanguage\":\"en-US\",\"@id\":\"https:\\\/\\\/leplanpascon.com\\\/en\\\/contact\\\/#primaryimage\",\"url\":\"https:\\\/\\\/www.leplanpascon.com\\\/wp-content\\\/uploads\\\/2016\\\/11\\\/fb.gif\",\"contentUrl\":\"https:\\\/\\\/www.leplanpascon.com\\\/wp-content\\\/uploads\\\/2016\\\/11\\\/fb.gif\"},{\"@type\":\"BreadcrumbList\",\"@id\":\"https:\\\/\\\/leplanpascon.com\\\/en\\\/contact\\\/#breadcrumb\",\"itemListElement\":[{\"@type\":\"ListItem\",\"position\":1,\"name\":\"Accueil\",\"item\":\"https:\\\/\\\/leplanpascon.com\\\/en\\\/\"},{\"@type\":\"ListItem\",\"position\":2,\"name\":\"Don&rsquo;t you have a \u00ab\u00a0plan pas con\u00a0\u00bb to move to Montreal?\"}]},{\"@type\":\"WebSite\",\"@id\":\"https:\\\/\\\/leplanpascon.com\\\/en\\\/#website\",\"url\":\"https:\\\/\\\/leplanpascon.com\\\/en\\\/\",\"name\":\"D\u00e9m\u00e9nagement Montr\u00e9al depuis plus de 28 ans dans le d\u00e9m\u00e9nagement\",\"description\":\"Le plan pas con, d\u00e9m\u00e9nagez de la bonne fa\u00e7on! D\u00e9m\u00e9nagements et livraisons \u00e0 Montreal et au Quebec. Les experts du d\u00e9m\u00e9nagement pas cher \u00e0 Montr\u00e9al!\",\"publisher\":{\"@id\":\"https:\\\/\\\/leplanpascon.com\\\/en\\\/#organization\"},\"potentialAction\":[{\"@type\":\"SearchAction\",\"target\":{\"@type\":\"EntryPoint\",\"urlTemplate\":\"https:\\\/\\\/leplanpascon.com\\\/en\\\/?s={search_term_string}\"},\"query-input\":{\"@type\":\"PropertyValueSpecification\",\"valueRequired\":true,\"valueName\":\"search_term_string\"}}],\"inLanguage\":\"en-US\"},{\"@type\":\"Organization\",\"@id\":\"https:\\\/\\\/leplanpascon.com\\\/en\\\/#organization\",\"name\":\"D\u00e9m\u00e9nagement Montr\u00e9al depuis plus de 28 ans dans le d\u00e9m\u00e9nagement\",\"url\":\"https:\\\/\\\/leplanpascon.com\\\/en\\\/\",\"logo\":{\"@type\":\"ImageObject\",\"inLanguage\":\"en-US\",\"@id\":\"https:\\\/\\\/leplanpascon.com\\\/en\\\/#\\\/schema\\\/logo\\\/image\\\/\",\"url\":\"https:\\\/\\\/www.leplanpascon.com\\\/wp-content\\\/uploads\\\/2021\\\/06\\\/logo-leplanpascon.jpg\",\"contentUrl\":\"https:\\\/\\\/www.leplanpascon.com\\\/wp-content\\\/uploads\\\/2021\\\/06\\\/logo-leplanpascon.jpg\",\"width\":130,\"height\":129,\"caption\":\"D\u00e9m\u00e9nagement Montr\u00e9al depuis plus de 28 ans dans le d\u00e9m\u00e9nagement\"},\"image\":{\"@id\":\"https:\\\/\\\/leplanpascon.com\\\/en\\\/#\\\/schema\\\/logo\\\/image\\\/\"},\"sameAs\":[\"https:\\\/\\\/fr-ca.facebook.com\\\/leplanpascon\\\/\",\"https:\\\/\\\/x.com\\\/LePlanPasCon\",\"https:\\\/\\\/www.linkedin.com\\\/in\\\/le-plan-pas-con-ph-gredin-b210ba16\\\/\",\"https:\\\/\\\/www.instagram.com\\\/leplanpascon_demenagement\\\/\"]}]}<\/script>\n<!-- \/ Yoast SEO plugin. -->","yoast_head_json":{"title":"Contact us for a move to Montreal!","description":"Don't you have a \"plan pas con\" to move to Montreal? Call Philippe at 514.270.2979","robots":{"index":"index","follow":"follow","max-snippet":"max-snippet:-1","max-image-preview":"max-image-preview:large","max-video-preview":"max-video-preview:-1"},"canonical":"https:\/\/leplanpascon.com\/en\/contact\/","og_locale":"en_US","og_type":"article","og_title":"Contact us for a move to Montreal!","og_description":"Don't you have a \"plan pas con\" to move to Montreal? Call Philippe at 514.270.2979","og_url":"https:\/\/leplanpascon.com\/en\/contact\/","og_site_name":"D\u00e9m\u00e9nagement Montr\u00e9al depuis plus de 28 ans dans le d\u00e9m\u00e9nagement","article_publisher":"https:\/\/fr-ca.facebook.com\/leplanpascon\/","article_modified_time":"2024-06-25T06:11:14+00:00","og_image":[{"url":"https:\/\/www.leplanpascon.com\/wp-content\/uploads\/2016\/11\/fb.gif","type":"","width":"","height":""}],"twitter_card":"summary_large_image","twitter_site":"@LePlanPasCon","twitter_misc":{"Est. reading time":"2 minutes"},"schema":{"@context":"https:\/\/schema.org","@graph":[{"@type":"WebPage","@id":"https:\/\/leplanpascon.com\/en\/contact\/","url":"https:\/\/leplanpascon.com\/en\/contact\/","name":"Contact us for a move to Montreal!","isPartOf":{"@id":"https:\/\/leplanpascon.com\/en\/#website"},"primaryImageOfPage":{"@id":"https:\/\/leplanpascon.com\/en\/contact\/#primaryimage"},"image":{"@id":"https:\/\/leplanpascon.com\/en\/contact\/#primaryimage"},"thumbnailUrl":"https:\/\/www.leplanpascon.com\/wp-content\/uploads\/2016\/11\/fb.gif","datePublished":"2016-11-09T23:57:44+00:00","dateModified":"2024-06-25T06:11:14+00:00","description":"Don't you have a \"plan pas con\" to move to Montreal? Call Philippe at 514.270.2979","breadcrumb":{"@id":"https:\/\/leplanpascon.com\/en\/contact\/#breadcrumb"},"inLanguage":"en-US","potentialAction":[{"@type":"ReadAction","target":["https:\/\/leplanpascon.com\/en\/contact\/"]}]},{"@type":"ImageObject","inLanguage":"en-US","@id":"https:\/\/leplanpascon.com\/en\/contact\/#primaryimage","url":"https:\/\/www.leplanpascon.com\/wp-content\/uploads\/2016\/11\/fb.gif","contentUrl":"https:\/\/www.leplanpascon.com\/wp-content\/uploads\/2016\/11\/fb.gif"},{"@type":"BreadcrumbList","@id":"https:\/\/leplanpascon.com\/en\/contact\/#breadcrumb","itemListElement":[{"@type":"ListItem","position":1,"name":"Accueil","item":"https:\/\/leplanpascon.com\/en\/"},{"@type":"ListItem","position":2,"name":"Don&rsquo;t you have a \u00ab\u00a0plan pas con\u00a0\u00bb to move to Montreal?"}]},{"@type":"WebSite","@id":"https:\/\/leplanpascon.com\/en\/#website","url":"https:\/\/leplanpascon.com\/en\/","name":"D\u00e9m\u00e9nagement Montr\u00e9al depuis plus de 28 ans dans le d\u00e9m\u00e9nagement","description":"Le plan pas con, d\u00e9m\u00e9nagez de la bonne fa\u00e7on! D\u00e9m\u00e9nagements et livraisons \u00e0 Montreal et au Quebec. Les experts du d\u00e9m\u00e9nagement pas cher \u00e0 Montr\u00e9al!","publisher":{"@id":"https:\/\/leplanpascon.com\/en\/#organization"},"potentialAction":[{"@type":"SearchAction","target":{"@type":"EntryPoint","urlTemplate":"https:\/\/leplanpascon.com\/en\/?s={search_term_string}"},"query-input":{"@type":"PropertyValueSpecification","valueRequired":true,"valueName":"search_term_string"}}],"inLanguage":"en-US"},{"@type":"Organization","@id":"https:\/\/leplanpascon.com\/en\/#organization","name":"D\u00e9m\u00e9nagement Montr\u00e9al depuis plus de 28 ans dans le d\u00e9m\u00e9nagement","url":"https:\/\/leplanpascon.com\/en\/","logo":{"@type":"ImageObject","inLanguage":"en-US","@id":"https:\/\/leplanpascon.com\/en\/#\/schema\/logo\/image\/","url":"https:\/\/www.leplanpascon.com\/wp-content\/uploads\/2021\/06\/logo-leplanpascon.jpg","contentUrl":"https:\/\/www.leplanpascon.com\/wp-content\/uploads\/2021\/06\/logo-leplanpascon.jpg","width":130,"height":129,"caption":"D\u00e9m\u00e9nagement Montr\u00e9al depuis plus de 28 ans dans le d\u00e9m\u00e9nagement"},"image":{"@id":"https:\/\/leplanpascon.com\/en\/#\/schema\/logo\/image\/"},"sameAs":["https:\/\/fr-ca.facebook.com\/leplanpascon\/","https:\/\/x.com\/LePlanPasCon","https:\/\/www.linkedin.com\/in\/le-plan-pas-con-ph-gredin-b210ba16\/","https:\/\/www.instagram.com\/leplanpascon_demenagement\/"]}]}},"amp_enabled":true,"_links":{"self":[{"href":"https:\/\/leplanpascon.com\/en\/wp-json\/wp\/v2\/pages\/1059","targetHints":{"allow":["GET"]}}],"collection":[{"href":"https:\/\/leplanpascon.com\/en\/wp-json\/wp\/v2\/pages"}],"about":[{"href":"https:\/\/leplanpascon.com\/en\/wp-json\/wp\/v2\/types\/page"}],"author":[{"embeddable":true,"href":"https:\/\/leplanpascon.com\/en\/wp-json\/wp\/v2\/users\/5"}],"replies":[{"embeddable":true,"href":"https:\/\/leplanpascon.com\/en\/wp-json\/wp\/v2\/comments?post=1059"}],"version-history":[{"count":3,"href":"https:\/\/leplanpascon.com\/en\/wp-json\/wp\/v2\/pages\/1059\/revisions"}],"predecessor-version":[{"id":1109,"href":"https:\/\/leplanpascon.com\/en\/wp-json\/wp\/v2\/pages\/1059\/revisions\/1109"}],"wp:attachment":[{"href":"https:\/\/leplanpascon.com\/en\/wp-json\/wp\/v2\/media?parent=1059"}],"curies":[{"name":"wp","href":"https:\/\/api.w.org\/{rel}","templated":true}]}}