{"id":1049,"date":"2016-11-09T22:39:44","date_gmt":"2016-11-10T03:39:44","guid":{"rendered":"https:\/\/leplanpascon.com\/useful-and-cool-links\/"},"modified":"2024-06-25T02:08:53","modified_gmt":"2024-06-25T06:08:53","slug":"useful-and-cool-links","status":"publish","type":"page","link":"https:\/\/leplanpascon.com\/en\/useful-and-cool-links\/","title":{"rendered":"Useful and cool links"},"content":{"rendered":"<h2>to make your move easier<\/h2>\n<p><strong>Address change<\/strong>:<\/p>\n<ul>\n<li><a href=\"https:\/\/www.protegez-vous.ca\/maison\/qui-prevenir-lors-dun-changement-dadresse\" target=\"_blank\" rel=\"noopener\">Who to notify when changing address<\/a><\/a><\/li>\n<li><a href=\"https:\/\/www.quebec.ca\/habitation-territoire\/changement-adresse-demenagement\" target=\"_blank\" rel=\"noopener\">Government portal to facilitate change of address<\/a><\/a><\/li>\n<\/ul>\n<p><strong>Moving boxes, storage<\/strong><\/p>\n<ul>\n<li><a title=\"Find moving boxes in Montreal\" href=\"https:\/\/reboxcorp.com\/\" target=\"_blank\" rel=\"noopener noreferrer\">Cartonnerie Montr\u00e9al<\/a><\/li>\n<li><a title=\"Where to store your belongings in Montreal\" href=\"http:\/\/www.minientrepotcentral.com\" target=\"_blank\" rel=\"noopener noreferrer\">Mini Entrep\u00f4t central<\/a><\/li>\n<\/ul>\n<p><strong>Deco-Art<\/strong><\/p>\n<ul>\n<li><a href=\"http:\/\/www.droldoizo.com\/\" target=\"_blank\" rel=\"noopener noreferrer\"><a href=\"http:\/\/www.droldoizo.com\/\" target=\"_blank\" rel=\"noopener\">Droldoizo<\/a><\/a><\/li>\n<\/ul>\n<p><strong>Graphic designer-creation<\/strong><\/p>\n<ul>\n<li><a href=\"https:\/\/janoufleury.com\/\" target=\"_blank\" rel=\"noopener noreferrer\">Janou Fleury<\/a><\/a><\/li>\n<\/ul>\n<p><strong>Printing-publishing<\/strong><\/p>\n<ul>\n<li><a href=\"http:\/\/www.quadriscan.com\/\" target=\"_blank\" rel=\"noopener noreferrer\">Quadriscan &#8211; Roger<\/a><\/li>\n<\/ul>\n<p><strong>Miscellaneous<\/strong><\/p>\n<ul>\n<li>Renovation of antique furniture, sales, purchases<br \/>\nFabienne Torro : 514-994-7480<\/li>\n<li><a href=\"http:\/\/ville.montreal.qc.ca\/portal\/page?_pageid=9317,111921570&amp;_dad=portal&amp;_schema=PORTAL\" target=\"_blank\" rel=\"noopener noreferrer\">Acc\u00e8s Montr\u00e9al<\/a><\/li>\n<li><a href=\"http:\/\/www.meteomedia.com\/index.php?product=weather&amp;placecode=caqc0363&amp;wbRef=www.renrictransport.com&amp;link=cityPage&amp;switchto=c&amp;ref=wxbtn367x20_text_city\" target=\"_blank\" rel=\"noopener noreferrer\">Weather report<\/a><\/li>\n<\/ul>\n<p>All your address changes in 5 minutes on the link below! Thank you LPPC \ud83d\ude09<br \/>\n<a href=\"https:\/\/www.movingwaldo.com\/changing-your-address-in-5-minutes-free\/?playlist=8515b20&#038;video=60868a1\" target=\"_blank\" rel=\"noopener\"><img loading=\"lazy\" decoding=\"async\" class=\"alignnone size-medium wp-image-652\" src=\"https:\/\/www.leplanpascon.com\/wp-content\/uploads\/2021\/09\/MovingWaldo_Logo-300x61.jpg\" alt=\"Moving Waldo\" width=\"300\" height=\"61\" srcset=\"https:\/\/leplanpascon.com\/wp-content\/uploads\/2021\/09\/MovingWaldo_Logo-300x61.jpg 300w, https:\/\/leplanpascon.com\/wp-content\/uploads\/2021\/09\/MovingWaldo_Logo.jpg 400w\" sizes=\"auto, (max-width: 300px) 100vw, 300px\" \/><\/a><\/p>\n","protected":false},"excerpt":{"rendered":"<p>to make your move easier Address change: Who to notify when changing address Government portal to facilitate change of address Moving boxes, storage Cartonnerie Montr\u00e9al Mini Entrep\u00f4t central Deco-Art Droldoizo Graphic designer-creation Janou Fleury Printing-publishing Quadriscan &#8211; Roger Miscellaneous Renovation of antique furniture, sales, purchases Fabienne Torro : 514-994-7480 Acc\u00e8s Montr\u00e9al Weather report All your &#8230; <a title=\"Useful and cool links\" href=\"https:\/\/leplanpascon.com\/en\/useful-and-cool-links\/\">lire la suite<\/a><\/p>\n","protected":false},"author":5,"featured_media":0,"parent":0,"menu_order":0,"comment_status":"closed","ping_status":"closed","template":"","meta":{"_genesis_hide_title":false,"_genesis_hide_breadcrumbs":false,"_genesis_hide_singular_image":false,"_genesis_hide_footer_widgets":false,"_genesis_custom_body_class":"","_genesis_custom_post_class":"","_genesis_layout":"","footnotes":""},"class_list":{"0":"post-1049","1":"page","2":"type-page","3":"status-publish","5":"entry"},"yoast_head":"<!-- This site is optimized with the Yoast SEO plugin v27.5 - https:\/\/yoast.com\/product\/yoast-seo-wordpress\/ -->\n<title>Useful links for your move<\/title>\n<meta name=\"description\" content=\"Useful information for moving properly. Find boxes, cartons, storage sites, and everything related to moving. Tips, tricks, useful links...\" \/>\n<meta name=\"robots\" content=\"index, follow, max-snippet:-1, max-image-preview:large, max-video-preview:-1\" \/>\n<link rel=\"canonical\" href=\"https:\/\/leplanpascon.com\/en\/useful-and-cool-links\/\" \/>\n<meta property=\"og:locale\" content=\"en_US\" \/>\n<meta property=\"og:type\" content=\"article\" \/>\n<meta property=\"og:title\" content=\"Useful links for your move\" \/>\n<meta property=\"og:description\" content=\"Useful information for moving properly. Find boxes, cartons, storage sites, and everything related to moving. Tips, tricks, useful links...\" \/>\n<meta property=\"og:url\" content=\"https:\/\/leplanpascon.com\/en\/useful-and-cool-links\/\" \/>\n<meta property=\"og:site_name\" content=\"D\u00e9m\u00e9nagement Montr\u00e9al depuis plus de 28 ans dans le d\u00e9m\u00e9nagement\" \/>\n<meta property=\"article:publisher\" content=\"https:\/\/fr-ca.facebook.com\/leplanpascon\/\" \/>\n<meta property=\"article:modified_time\" content=\"2024-06-25T06:08:53+00:00\" \/>\n<meta property=\"og:image\" content=\"https:\/\/www.leplanpascon.com\/wp-content\/uploads\/2021\/09\/MovingWaldo_Logo-300x61.jpg\" \/>\n<meta name=\"twitter:card\" content=\"summary_large_image\" \/>\n<meta name=\"twitter:site\" content=\"@LePlanPasCon\" \/>\n<meta name=\"twitter:label1\" content=\"Est. reading time\" \/>\n\t<meta name=\"twitter:data1\" content=\"1 minute\" \/>\n<script type=\"application\/ld+json\" class=\"yoast-schema-graph\">{\"@context\":\"https:\\\/\\\/schema.org\",\"@graph\":[{\"@type\":\"WebPage\",\"@id\":\"https:\\\/\\\/leplanpascon.com\\\/en\\\/useful-and-cool-links\\\/\",\"url\":\"https:\\\/\\\/leplanpascon.com\\\/en\\\/useful-and-cool-links\\\/\",\"name\":\"Useful links for your move\",\"isPartOf\":{\"@id\":\"https:\\\/\\\/leplanpascon.com\\\/en\\\/#website\"},\"primaryImageOfPage\":{\"@id\":\"https:\\\/\\\/leplanpascon.com\\\/en\\\/useful-and-cool-links\\\/#primaryimage\"},\"image\":{\"@id\":\"https:\\\/\\\/leplanpascon.com\\\/en\\\/useful-and-cool-links\\\/#primaryimage\"},\"thumbnailUrl\":\"https:\\\/\\\/www.leplanpascon.com\\\/wp-content\\\/uploads\\\/2021\\\/09\\\/MovingWaldo_Logo-300x61.jpg\",\"datePublished\":\"2016-11-10T03:39:44+00:00\",\"dateModified\":\"2024-06-25T06:08:53+00:00\",\"description\":\"Useful information for moving properly. Find boxes, cartons, storage sites, and everything related to moving. Tips, tricks, useful links...\",\"breadcrumb\":{\"@id\":\"https:\\\/\\\/leplanpascon.com\\\/en\\\/useful-and-cool-links\\\/#breadcrumb\"},\"inLanguage\":\"en-US\",\"potentialAction\":[{\"@type\":\"ReadAction\",\"target\":[\"https:\\\/\\\/leplanpascon.com\\\/en\\\/useful-and-cool-links\\\/\"]}]},{\"@type\":\"ImageObject\",\"inLanguage\":\"en-US\",\"@id\":\"https:\\\/\\\/leplanpascon.com\\\/en\\\/useful-and-cool-links\\\/#primaryimage\",\"url\":\"https:\\\/\\\/www.leplanpascon.com\\\/wp-content\\\/uploads\\\/2021\\\/09\\\/MovingWaldo_Logo-300x61.jpg\",\"contentUrl\":\"https:\\\/\\\/www.leplanpascon.com\\\/wp-content\\\/uploads\\\/2021\\\/09\\\/MovingWaldo_Logo-300x61.jpg\"},{\"@type\":\"BreadcrumbList\",\"@id\":\"https:\\\/\\\/leplanpascon.com\\\/en\\\/useful-and-cool-links\\\/#breadcrumb\",\"itemListElement\":[{\"@type\":\"ListItem\",\"position\":1,\"name\":\"Accueil\",\"item\":\"https:\\\/\\\/leplanpascon.com\\\/en\\\/\"},{\"@type\":\"ListItem\",\"position\":2,\"name\":\"Useful and cool links\"}]},{\"@type\":\"WebSite\",\"@id\":\"https:\\\/\\\/leplanpascon.com\\\/en\\\/#website\",\"url\":\"https:\\\/\\\/leplanpascon.com\\\/en\\\/\",\"name\":\"D\u00e9m\u00e9nagement Montr\u00e9al depuis plus de 28 ans dans le d\u00e9m\u00e9nagement\",\"description\":\"Le plan pas con, d\u00e9m\u00e9nagez de la bonne fa\u00e7on! D\u00e9m\u00e9nagements et livraisons \u00e0 Montreal et au Quebec. Les experts du d\u00e9m\u00e9nagement pas cher \u00e0 Montr\u00e9al!\",\"publisher\":{\"@id\":\"https:\\\/\\\/leplanpascon.com\\\/en\\\/#organization\"},\"potentialAction\":[{\"@type\":\"SearchAction\",\"target\":{\"@type\":\"EntryPoint\",\"urlTemplate\":\"https:\\\/\\\/leplanpascon.com\\\/en\\\/?s={search_term_string}\"},\"query-input\":{\"@type\":\"PropertyValueSpecification\",\"valueRequired\":true,\"valueName\":\"search_term_string\"}}],\"inLanguage\":\"en-US\"},{\"@type\":\"Organization\",\"@id\":\"https:\\\/\\\/leplanpascon.com\\\/en\\\/#organization\",\"name\":\"D\u00e9m\u00e9nagement Montr\u00e9al depuis plus de 28 ans dans le d\u00e9m\u00e9nagement\",\"url\":\"https:\\\/\\\/leplanpascon.com\\\/en\\\/\",\"logo\":{\"@type\":\"ImageObject\",\"inLanguage\":\"en-US\",\"@id\":\"https:\\\/\\\/leplanpascon.com\\\/en\\\/#\\\/schema\\\/logo\\\/image\\\/\",\"url\":\"https:\\\/\\\/www.leplanpascon.com\\\/wp-content\\\/uploads\\\/2021\\\/06\\\/logo-leplanpascon.jpg\",\"contentUrl\":\"https:\\\/\\\/www.leplanpascon.com\\\/wp-content\\\/uploads\\\/2021\\\/06\\\/logo-leplanpascon.jpg\",\"width\":130,\"height\":129,\"caption\":\"D\u00e9m\u00e9nagement Montr\u00e9al depuis plus de 28 ans dans le d\u00e9m\u00e9nagement\"},\"image\":{\"@id\":\"https:\\\/\\\/leplanpascon.com\\\/en\\\/#\\\/schema\\\/logo\\\/image\\\/\"},\"sameAs\":[\"https:\\\/\\\/fr-ca.facebook.com\\\/leplanpascon\\\/\",\"https:\\\/\\\/x.com\\\/LePlanPasCon\",\"https:\\\/\\\/www.linkedin.com\\\/in\\\/le-plan-pas-con-ph-gredin-b210ba16\\\/\",\"https:\\\/\\\/www.instagram.com\\\/leplanpascon_demenagement\\\/\"]}]}<\/script>\n<!-- \/ Yoast SEO plugin. -->","yoast_head_json":{"title":"Useful links for your move","description":"Useful information for moving properly. Find boxes, cartons, storage sites, and everything related to moving. Tips, tricks, useful links...","robots":{"index":"index","follow":"follow","max-snippet":"max-snippet:-1","max-image-preview":"max-image-preview:large","max-video-preview":"max-video-preview:-1"},"canonical":"https:\/\/leplanpascon.com\/en\/useful-and-cool-links\/","og_locale":"en_US","og_type":"article","og_title":"Useful links for your move","og_description":"Useful information for moving properly. Find boxes, cartons, storage sites, and everything related to moving. Tips, tricks, useful links...","og_url":"https:\/\/leplanpascon.com\/en\/useful-and-cool-links\/","og_site_name":"D\u00e9m\u00e9nagement Montr\u00e9al depuis plus de 28 ans dans le d\u00e9m\u00e9nagement","article_publisher":"https:\/\/fr-ca.facebook.com\/leplanpascon\/","article_modified_time":"2024-06-25T06:08:53+00:00","og_image":[{"url":"https:\/\/www.leplanpascon.com\/wp-content\/uploads\/2021\/09\/MovingWaldo_Logo-300x61.jpg","type":"","width":"","height":""}],"twitter_card":"summary_large_image","twitter_site":"@LePlanPasCon","twitter_misc":{"Est. reading time":"1 minute"},"schema":{"@context":"https:\/\/schema.org","@graph":[{"@type":"WebPage","@id":"https:\/\/leplanpascon.com\/en\/useful-and-cool-links\/","url":"https:\/\/leplanpascon.com\/en\/useful-and-cool-links\/","name":"Useful links for your move","isPartOf":{"@id":"https:\/\/leplanpascon.com\/en\/#website"},"primaryImageOfPage":{"@id":"https:\/\/leplanpascon.com\/en\/useful-and-cool-links\/#primaryimage"},"image":{"@id":"https:\/\/leplanpascon.com\/en\/useful-and-cool-links\/#primaryimage"},"thumbnailUrl":"https:\/\/www.leplanpascon.com\/wp-content\/uploads\/2021\/09\/MovingWaldo_Logo-300x61.jpg","datePublished":"2016-11-10T03:39:44+00:00","dateModified":"2024-06-25T06:08:53+00:00","description":"Useful information for moving properly. Find boxes, cartons, storage sites, and everything related to moving. Tips, tricks, useful links...","breadcrumb":{"@id":"https:\/\/leplanpascon.com\/en\/useful-and-cool-links\/#breadcrumb"},"inLanguage":"en-US","potentialAction":[{"@type":"ReadAction","target":["https:\/\/leplanpascon.com\/en\/useful-and-cool-links\/"]}]},{"@type":"ImageObject","inLanguage":"en-US","@id":"https:\/\/leplanpascon.com\/en\/useful-and-cool-links\/#primaryimage","url":"https:\/\/www.leplanpascon.com\/wp-content\/uploads\/2021\/09\/MovingWaldo_Logo-300x61.jpg","contentUrl":"https:\/\/www.leplanpascon.com\/wp-content\/uploads\/2021\/09\/MovingWaldo_Logo-300x61.jpg"},{"@type":"BreadcrumbList","@id":"https:\/\/leplanpascon.com\/en\/useful-and-cool-links\/#breadcrumb","itemListElement":[{"@type":"ListItem","position":1,"name":"Accueil","item":"https:\/\/leplanpascon.com\/en\/"},{"@type":"ListItem","position":2,"name":"Useful and cool links"}]},{"@type":"WebSite","@id":"https:\/\/leplanpascon.com\/en\/#website","url":"https:\/\/leplanpascon.com\/en\/","name":"D\u00e9m\u00e9nagement Montr\u00e9al depuis plus de 28 ans dans le d\u00e9m\u00e9nagement","description":"Le plan pas con, d\u00e9m\u00e9nagez de la bonne fa\u00e7on! D\u00e9m\u00e9nagements et livraisons \u00e0 Montreal et au Quebec. Les experts du d\u00e9m\u00e9nagement pas cher \u00e0 Montr\u00e9al!","publisher":{"@id":"https:\/\/leplanpascon.com\/en\/#organization"},"potentialAction":[{"@type":"SearchAction","target":{"@type":"EntryPoint","urlTemplate":"https:\/\/leplanpascon.com\/en\/?s={search_term_string}"},"query-input":{"@type":"PropertyValueSpecification","valueRequired":true,"valueName":"search_term_string"}}],"inLanguage":"en-US"},{"@type":"Organization","@id":"https:\/\/leplanpascon.com\/en\/#organization","name":"D\u00e9m\u00e9nagement Montr\u00e9al depuis plus de 28 ans dans le d\u00e9m\u00e9nagement","url":"https:\/\/leplanpascon.com\/en\/","logo":{"@type":"ImageObject","inLanguage":"en-US","@id":"https:\/\/leplanpascon.com\/en\/#\/schema\/logo\/image\/","url":"https:\/\/www.leplanpascon.com\/wp-content\/uploads\/2021\/06\/logo-leplanpascon.jpg","contentUrl":"https:\/\/www.leplanpascon.com\/wp-content\/uploads\/2021\/06\/logo-leplanpascon.jpg","width":130,"height":129,"caption":"D\u00e9m\u00e9nagement Montr\u00e9al depuis plus de 28 ans dans le d\u00e9m\u00e9nagement"},"image":{"@id":"https:\/\/leplanpascon.com\/en\/#\/schema\/logo\/image\/"},"sameAs":["https:\/\/fr-ca.facebook.com\/leplanpascon\/","https:\/\/x.com\/LePlanPasCon","https:\/\/www.linkedin.com\/in\/le-plan-pas-con-ph-gredin-b210ba16\/","https:\/\/www.instagram.com\/leplanpascon_demenagement\/"]}]}},"amp_enabled":true,"_links":{"self":[{"href":"https:\/\/leplanpascon.com\/en\/wp-json\/wp\/v2\/pages\/1049","targetHints":{"allow":["GET"]}}],"collection":[{"href":"https:\/\/leplanpascon.com\/en\/wp-json\/wp\/v2\/pages"}],"about":[{"href":"https:\/\/leplanpascon.com\/en\/wp-json\/wp\/v2\/types\/page"}],"author":[{"embeddable":true,"href":"https:\/\/leplanpascon.com\/en\/wp-json\/wp\/v2\/users\/5"}],"replies":[{"embeddable":true,"href":"https:\/\/leplanpascon.com\/en\/wp-json\/wp\/v2\/comments?post=1049"}],"version-history":[{"count":9,"href":"https:\/\/leplanpascon.com\/en\/wp-json\/wp\/v2\/pages\/1049\/revisions"}],"predecessor-version":[{"id":1107,"href":"https:\/\/leplanpascon.com\/en\/wp-json\/wp\/v2\/pages\/1049\/revisions\/1107"}],"wp:attachment":[{"href":"https:\/\/leplanpascon.com\/en\/wp-json\/wp\/v2\/media?parent=1049"}],"curies":[{"name":"wp","href":"https:\/\/api.w.org\/{rel}","templated":true}]}}