{"id":1044,"date":"2016-11-09T22:19:41","date_gmt":"2016-11-10T03:19:41","guid":{"rendered":"https:\/\/leplanpascon.com\/moving-questions-and-answers\/"},"modified":"2024-06-24T12:53:25","modified_gmt":"2024-06-24T16:53:25","slug":"moving-questions-and-answers","status":"publish","type":"page","link":"https:\/\/leplanpascon.com\/en\/moving-questions-and-answers\/","title":{"rendered":"Moving: Questions and answers"},"content":{"rendered":"<p><img loading=\"lazy\" decoding=\"async\" class=\"wp-image-277 size-medium alignleft\" src=\"\/wp-content\/uploads\/2016\/11\/foire-aux-questions-300x149.png\" alt=\"Frequently Asked Questions\" width=\"300\" height=\"149\"><\/p>\n<p><strong>Do you do or manage international moves?<\/strong><br \/>\nPresent in Montreal and across Canada, we often refer Brytor International Moving, the best quality\/price ratio for international transport and removals, they can take care of everything from A to Z.<\/p>\n<p><strong>Do I need to request a permit from the city for my move?<\/strong><br \/>\nEach municipality has its own regulations but for a <a href=\"https:\/\/www.leplanpascon.com\/en\/contact\/\"><em>move to Montreal<\/em><\/a>, it is important to contact the city (311). You must inquire with your district for the public domain occupancy permit. This permit allows you to be legal to block parking so that the moving truck can park.<br \/>\nSome districts, such as Ville Marie, strictly apply the law.<br \/>\nThe fine is quite steep (+ or \u2013 $550.00), it is worth finding out&#8230;.<\/p>\n<p><strong>Can we use your services to fill our own truck?<\/strong><br \/>\nOf course, we will come as for a classic move, with our truck, to move and for the equipment (strap, blankets, tools, etc.), we will not leave our blankets for your trip, it is better for you to rent or buy moving blankets to protect your belongings during transport.<br \/>\nWe will load the truck for you safely, do \u201cTetris\u201d to maximize the volume and you will have a load \u201cloaded\u201d by <em>moving professionals<\/em> so that you can hit the road with complete peace of mind.<\/p>\n<p><strong>How long does it take you to move?<\/strong><br \/>\nNo move or transport is the same, we will make a move appropriate to your needs.<\/p>\n<p><strong>Which cities do you cover with your moves?<\/strong><br \/>\nAll cities in the province of Quebec and neighboring provinces.<\/p>\n<p><strong>What are your rates?<\/strong><br \/>\nPrices vary depending on the season, flat rate prices apply more often in the summer period.<\/p>\n<p><strong>Do you move in the winter?<\/strong><br \/>\nUnfortunately yes !<\/p>\n<p><strong>Are you also moving businesses or offices?<\/strong><br \/>\nYes, nothing is beyond our control!<\/p>\n<p><strong>What do you do to control pests, such as bedbugs?<\/strong><br \/>\nTrucks are cleaned and checked daily. Preventive treatments are carried out regularly in the truck box and in the covers.<\/p>\n<p><strong>What are your satisfaction guarantees?<\/strong><br \/>\nReferences from all our former clients. They refer us and call us back.<\/p>\n<p><strong>What are your opening hours?<\/strong><br \/>\nIn general we avoid moving at night, but nothing is impossible.<\/p>\n<p><strong>How to get boxes?<\/strong><br \/>\nIn Montreal, I refer to <a href=\"https:\/\/reboxcorp.com\/\" target=\"_blank\" rel=\"noopener noreferrer\">La Cartonnerie de Montr\u00e9al<\/a> as well as <a href=\"http:\/\/www.minientrepotcentral.com\" target=\"_blank\" rel=\"noopener noreferrer\">Mini entrepot Central<\/a><br \/>\nThe ideal places to get everything you need to prepare for your move at a good price.<\/p>\n<p><strong>How do I reserve parking in front of my home?<\/strong><br \/>\nYour vehicle, chairs, rope.<br \/>\nPrint this poster and stick it outside your home<br \/>\n<a title=\"Print poster Do not park, moving in progress\" href=\"\/wp-content\/uploads\/2016\/11\/no-parking.pdf\"><img loading=\"lazy\" decoding=\"async\" class=\"alignnone wp-image-137\" src=\"\/wp-content\/uploads\/2016\/11\/no-parking-300x300.jpg\" alt=\"no parking\" width=\"100\" height=\"100\"><br \/>\n<\/a><br \/>\nThank you for all your questions, and if you still need more answers, don&#8217;t hesitate to write to us. We will be happy to answer your questions.<\/p>\n","protected":false},"excerpt":{"rendered":"<p>Do you do or manage international moves? Present in Montreal and across Canada, we often refer Brytor International Moving, the best quality\/price ratio for international transport and removals, they can take care of everything from A to Z. Do I need to request a permit from the city for my move? Each municipality has its &#8230; <a title=\"Moving: Questions and answers\" href=\"https:\/\/leplanpascon.com\/en\/moving-questions-and-answers\/\">lire la suite<\/a><\/p>\n","protected":false},"author":5,"featured_media":0,"parent":0,"menu_order":0,"comment_status":"closed","ping_status":"closed","template":"","meta":{"_genesis_hide_title":false,"_genesis_hide_breadcrumbs":false,"_genesis_hide_singular_image":false,"_genesis_hide_footer_widgets":false,"_genesis_custom_body_class":"","_genesis_custom_post_class":"","_genesis_layout":"","footnotes":""},"class_list":{"0":"post-1044","1":"page","2":"type-page","3":"status-publish","5":"entry"},"yoast_head":"<!-- This site is optimized with the Yoast SEO plugin v27.5 - https:\/\/yoast.com\/product\/yoast-seo-wordpress\/ -->\n<title>Moving Montreal: Frequently asked questions<\/title>\n<meta name=\"description\" content=\"Do you have questions about your move? How to recognize a quality mover? The right questions to ask...\" \/>\n<meta name=\"robots\" content=\"index, follow, max-snippet:-1, max-image-preview:large, max-video-preview:-1\" \/>\n<link rel=\"canonical\" href=\"https:\/\/leplanpascon.com\/en\/moving-questions-and-answers\/\" \/>\n<meta property=\"og:locale\" content=\"en_US\" \/>\n<meta property=\"og:type\" content=\"article\" \/>\n<meta property=\"og:title\" content=\"Moving Montreal: Frequently asked questions\" \/>\n<meta property=\"og:description\" content=\"Do you have questions about your move? How to recognize a quality mover? The right questions to ask...\" \/>\n<meta property=\"og:url\" content=\"https:\/\/leplanpascon.com\/en\/moving-questions-and-answers\/\" \/>\n<meta property=\"og:site_name\" content=\"D\u00e9m\u00e9nagement Montr\u00e9al depuis plus de 28 ans dans le d\u00e9m\u00e9nagement\" \/>\n<meta property=\"article:publisher\" content=\"https:\/\/fr-ca.facebook.com\/leplanpascon\/\" \/>\n<meta property=\"article:modified_time\" content=\"2024-06-24T16:53:25+00:00\" \/>\n<meta name=\"twitter:card\" content=\"summary_large_image\" \/>\n<meta name=\"twitter:site\" content=\"@LePlanPasCon\" \/>\n<meta name=\"twitter:label1\" content=\"Est. reading time\" \/>\n\t<meta name=\"twitter:data1\" content=\"3 minutes\" \/>\n<script type=\"application\/ld+json\" class=\"yoast-schema-graph\">{\"@context\":\"https:\\\/\\\/schema.org\",\"@graph\":[{\"@type\":\"WebPage\",\"@id\":\"https:\\\/\\\/leplanpascon.com\\\/en\\\/moving-questions-and-answers\\\/\",\"url\":\"https:\\\/\\\/leplanpascon.com\\\/en\\\/moving-questions-and-answers\\\/\",\"name\":\"Moving Montreal: Frequently asked questions\",\"isPartOf\":{\"@id\":\"https:\\\/\\\/leplanpascon.com\\\/en\\\/#website\"},\"datePublished\":\"2016-11-10T03:19:41+00:00\",\"dateModified\":\"2024-06-24T16:53:25+00:00\",\"description\":\"Do you have questions about your move? How to recognize a quality mover? The right questions to ask...\",\"breadcrumb\":{\"@id\":\"https:\\\/\\\/leplanpascon.com\\\/en\\\/moving-questions-and-answers\\\/#breadcrumb\"},\"inLanguage\":\"en-US\",\"potentialAction\":[{\"@type\":\"ReadAction\",\"target\":[\"https:\\\/\\\/leplanpascon.com\\\/en\\\/moving-questions-and-answers\\\/\"]}]},{\"@type\":\"BreadcrumbList\",\"@id\":\"https:\\\/\\\/leplanpascon.com\\\/en\\\/moving-questions-and-answers\\\/#breadcrumb\",\"itemListElement\":[{\"@type\":\"ListItem\",\"position\":1,\"name\":\"Accueil\",\"item\":\"https:\\\/\\\/leplanpascon.com\\\/en\\\/\"},{\"@type\":\"ListItem\",\"position\":2,\"name\":\"Moving: Questions and answers\"}]},{\"@type\":\"WebSite\",\"@id\":\"https:\\\/\\\/leplanpascon.com\\\/en\\\/#website\",\"url\":\"https:\\\/\\\/leplanpascon.com\\\/en\\\/\",\"name\":\"D\u00e9m\u00e9nagement Montr\u00e9al depuis plus de 28 ans dans le d\u00e9m\u00e9nagement\",\"description\":\"Le plan pas con, d\u00e9m\u00e9nagez de la bonne fa\u00e7on! D\u00e9m\u00e9nagements et livraisons \u00e0 Montreal et au Quebec. Les experts du d\u00e9m\u00e9nagement pas cher \u00e0 Montr\u00e9al!\",\"publisher\":{\"@id\":\"https:\\\/\\\/leplanpascon.com\\\/en\\\/#organization\"},\"potentialAction\":[{\"@type\":\"SearchAction\",\"target\":{\"@type\":\"EntryPoint\",\"urlTemplate\":\"https:\\\/\\\/leplanpascon.com\\\/en\\\/?s={search_term_string}\"},\"query-input\":{\"@type\":\"PropertyValueSpecification\",\"valueRequired\":true,\"valueName\":\"search_term_string\"}}],\"inLanguage\":\"en-US\"},{\"@type\":\"Organization\",\"@id\":\"https:\\\/\\\/leplanpascon.com\\\/en\\\/#organization\",\"name\":\"D\u00e9m\u00e9nagement Montr\u00e9al depuis plus de 28 ans dans le d\u00e9m\u00e9nagement\",\"url\":\"https:\\\/\\\/leplanpascon.com\\\/en\\\/\",\"logo\":{\"@type\":\"ImageObject\",\"inLanguage\":\"en-US\",\"@id\":\"https:\\\/\\\/leplanpascon.com\\\/en\\\/#\\\/schema\\\/logo\\\/image\\\/\",\"url\":\"https:\\\/\\\/www.leplanpascon.com\\\/wp-content\\\/uploads\\\/2021\\\/06\\\/logo-leplanpascon.jpg\",\"contentUrl\":\"https:\\\/\\\/www.leplanpascon.com\\\/wp-content\\\/uploads\\\/2021\\\/06\\\/logo-leplanpascon.jpg\",\"width\":130,\"height\":129,\"caption\":\"D\u00e9m\u00e9nagement Montr\u00e9al depuis plus de 28 ans dans le d\u00e9m\u00e9nagement\"},\"image\":{\"@id\":\"https:\\\/\\\/leplanpascon.com\\\/en\\\/#\\\/schema\\\/logo\\\/image\\\/\"},\"sameAs\":[\"https:\\\/\\\/fr-ca.facebook.com\\\/leplanpascon\\\/\",\"https:\\\/\\\/x.com\\\/LePlanPasCon\",\"https:\\\/\\\/www.linkedin.com\\\/in\\\/le-plan-pas-con-ph-gredin-b210ba16\\\/\",\"https:\\\/\\\/www.instagram.com\\\/leplanpascon_demenagement\\\/\"]}]}<\/script>\n<!-- \/ Yoast SEO plugin. -->","yoast_head_json":{"title":"Moving Montreal: Frequently asked questions","description":"Do you have questions about your move? How to recognize a quality mover? The right questions to ask...","robots":{"index":"index","follow":"follow","max-snippet":"max-snippet:-1","max-image-preview":"max-image-preview:large","max-video-preview":"max-video-preview:-1"},"canonical":"https:\/\/leplanpascon.com\/en\/moving-questions-and-answers\/","og_locale":"en_US","og_type":"article","og_title":"Moving Montreal: Frequently asked questions","og_description":"Do you have questions about your move? How to recognize a quality mover? The right questions to ask...","og_url":"https:\/\/leplanpascon.com\/en\/moving-questions-and-answers\/","og_site_name":"D\u00e9m\u00e9nagement Montr\u00e9al depuis plus de 28 ans dans le d\u00e9m\u00e9nagement","article_publisher":"https:\/\/fr-ca.facebook.com\/leplanpascon\/","article_modified_time":"2024-06-24T16:53:25+00:00","twitter_card":"summary_large_image","twitter_site":"@LePlanPasCon","twitter_misc":{"Est. reading time":"3 minutes"},"schema":{"@context":"https:\/\/schema.org","@graph":[{"@type":"WebPage","@id":"https:\/\/leplanpascon.com\/en\/moving-questions-and-answers\/","url":"https:\/\/leplanpascon.com\/en\/moving-questions-and-answers\/","name":"Moving Montreal: Frequently asked questions","isPartOf":{"@id":"https:\/\/leplanpascon.com\/en\/#website"},"datePublished":"2016-11-10T03:19:41+00:00","dateModified":"2024-06-24T16:53:25+00:00","description":"Do you have questions about your move? How to recognize a quality mover? The right questions to ask...","breadcrumb":{"@id":"https:\/\/leplanpascon.com\/en\/moving-questions-and-answers\/#breadcrumb"},"inLanguage":"en-US","potentialAction":[{"@type":"ReadAction","target":["https:\/\/leplanpascon.com\/en\/moving-questions-and-answers\/"]}]},{"@type":"BreadcrumbList","@id":"https:\/\/leplanpascon.com\/en\/moving-questions-and-answers\/#breadcrumb","itemListElement":[{"@type":"ListItem","position":1,"name":"Accueil","item":"https:\/\/leplanpascon.com\/en\/"},{"@type":"ListItem","position":2,"name":"Moving: Questions and answers"}]},{"@type":"WebSite","@id":"https:\/\/leplanpascon.com\/en\/#website","url":"https:\/\/leplanpascon.com\/en\/","name":"D\u00e9m\u00e9nagement Montr\u00e9al depuis plus de 28 ans dans le d\u00e9m\u00e9nagement","description":"Le plan pas con, d\u00e9m\u00e9nagez de la bonne fa\u00e7on! D\u00e9m\u00e9nagements et livraisons \u00e0 Montreal et au Quebec. Les experts du d\u00e9m\u00e9nagement pas cher \u00e0 Montr\u00e9al!","publisher":{"@id":"https:\/\/leplanpascon.com\/en\/#organization"},"potentialAction":[{"@type":"SearchAction","target":{"@type":"EntryPoint","urlTemplate":"https:\/\/leplanpascon.com\/en\/?s={search_term_string}"},"query-input":{"@type":"PropertyValueSpecification","valueRequired":true,"valueName":"search_term_string"}}],"inLanguage":"en-US"},{"@type":"Organization","@id":"https:\/\/leplanpascon.com\/en\/#organization","name":"D\u00e9m\u00e9nagement Montr\u00e9al depuis plus de 28 ans dans le d\u00e9m\u00e9nagement","url":"https:\/\/leplanpascon.com\/en\/","logo":{"@type":"ImageObject","inLanguage":"en-US","@id":"https:\/\/leplanpascon.com\/en\/#\/schema\/logo\/image\/","url":"https:\/\/www.leplanpascon.com\/wp-content\/uploads\/2021\/06\/logo-leplanpascon.jpg","contentUrl":"https:\/\/www.leplanpascon.com\/wp-content\/uploads\/2021\/06\/logo-leplanpascon.jpg","width":130,"height":129,"caption":"D\u00e9m\u00e9nagement Montr\u00e9al depuis plus de 28 ans dans le d\u00e9m\u00e9nagement"},"image":{"@id":"https:\/\/leplanpascon.com\/en\/#\/schema\/logo\/image\/"},"sameAs":["https:\/\/fr-ca.facebook.com\/leplanpascon\/","https:\/\/x.com\/LePlanPasCon","https:\/\/www.linkedin.com\/in\/le-plan-pas-con-ph-gredin-b210ba16\/","https:\/\/www.instagram.com\/leplanpascon_demenagement\/"]}]}},"amp_enabled":true,"_links":{"self":[{"href":"https:\/\/leplanpascon.com\/en\/wp-json\/wp\/v2\/pages\/1044","targetHints":{"allow":["GET"]}}],"collection":[{"href":"https:\/\/leplanpascon.com\/en\/wp-json\/wp\/v2\/pages"}],"about":[{"href":"https:\/\/leplanpascon.com\/en\/wp-json\/wp\/v2\/types\/page"}],"author":[{"embeddable":true,"href":"https:\/\/leplanpascon.com\/en\/wp-json\/wp\/v2\/users\/5"}],"replies":[{"embeddable":true,"href":"https:\/\/leplanpascon.com\/en\/wp-json\/wp\/v2\/comments?post=1044"}],"version-history":[{"count":5,"href":"https:\/\/leplanpascon.com\/en\/wp-json\/wp\/v2\/pages\/1044\/revisions"}],"predecessor-version":[{"id":1090,"href":"https:\/\/leplanpascon.com\/en\/wp-json\/wp\/v2\/pages\/1044\/revisions\/1090"}],"wp:attachment":[{"href":"https:\/\/leplanpascon.com\/en\/wp-json\/wp\/v2\/media?parent=1044"}],"curies":[{"name":"wp","href":"https:\/\/api.w.org\/{rel}","templated":true}]}}